{"id":1569,"date":"2017-10-29T09:47:43","date_gmt":"2017-10-29T08:47:43","guid":{"rendered":"http:\/\/www.k-braungardt.de\/blogkb\/?page_id=1569"},"modified":"2025-06-19T14:41:06","modified_gmt":"2025-06-19T13:41:06","slug":"veroeffentlicht","status":"publish","type":"page","link":"https:\/\/www.k-braungardt.de\/blogkb\/?page_id=1569","title":{"rendered":"Ver\u00f6ffentlichungen"},"content":{"rendered":"<p>2023<\/p>\n<p>Kurzeinf\u00fchrungen im Rahmen der KI-Themenreihe an der RUB:<br \/>\n&#8211; Bilder mit Hilfe von KI erstellen: Ein Blick auf Tools und ihre M\u00f6glichkeiten<br \/>\n&#8211; Produktiv-kritische Lehrszenarien mit ChatGPT u.\u00e4. Tools, Beispiele und Herausforderungen<br \/>\n&#8211; Urheberrecht und KI: Was gilt und was sind die Folgen f\u00fcr die Lehre?<\/p>\n<p>Expertenpanel Moodle an Hochschulen: &#8222;Datenschutz aus didaktischer Perspektive&#8220;, <a href=\"https:\/\/moodle-an-hochschulen.de\/experten-panel-datenschutz-am-27-06-ab-14-uhr\/\">https:\/\/moodle-an-hochschulen.de\/experten-panel-datenschutz-am-27-06-ab-14-uhr\/<\/a><\/p>\n<p>Workshop Learning AID-Tagung, 29.08.2023, Was sagen Moodle-Logdaten aus? Logdaten interpretieren und Schlussfolgerungen und Erkenntnisse f\u00fcr Lehr- und Lernprozesse ziehen, <a href=\"https:\/\/ki-edu-nrw.ruhr-uni-bochum.de\/wp-content\/uploads\/2024\/03\/LAID23_Programmdetails.pdf\">https:\/\/ki-edu-nrw.ruhr-uni-bochum.de\/wp-content\/uploads\/2024\/03\/LAID23_Programmdetails.pdf<\/a><\/p>\n<p>2022<\/p>\n<p><span style=\"font-weight: 400;\">Workshop dghd 2022 (mit Dr. Astrid Tan, Dr. Martina Schmohr, Nina L\u00fctjerodt, Stefanie F\u00fcchtenhans): Herausforderungen und Potentiale des kollaborativen Lernens f\u00fcr die Lehre in Pr\u00e4senz, digital-internationale Formate und hybride Angebote, <\/span><a href=\"https:\/\/taskcards.s3.hidrive.strato.com\/attachments\/a2db8b6c-2fc9-4a26-bc52-47b74e6afef8?response-content-disposition=filename%3Ddghd22_Diskurswerkstatt-kollaboratives-Lernen_RUB.pdf&amp;X-Amz-Algorithm=AWS4-HMAC-SHA256&amp;X-Amz-Credential=AHS49RUS6XLXF0S0CNIF%2F20230418%2Feu-central-1%2Fs3%2Faws4_request&amp;X-Amz-Date=20230418T091524Z&amp;X-Amz-Expires=604800&amp;X-Amz-SignedHeaders=host&amp;X-Amz-Signature=4b2a90a7cff67320ce8966904fedda5e8077a3423c5d59ec3feb9f5dcbc13994\"><span style=\"font-weight: 400;\">Folien<\/span><\/a><\/p>\n<p><span style=\"font-weight: 400;\">Medienkompetenz an der Universit\u00e4t vermitteln und erwerben: <\/span><a href=\"https:\/\/www.youtube.com\/watch?v=gbcLCpBHlng\"><span style=\"font-weight: 400;\">https:\/\/www.youtube.com\/watch?v=gbcLCpBHlng<\/span><\/a><span style=\"font-weight: 400;\">, Gespr\u00e4chsforum Digitales Lehren, 2022<\/span><\/p>\n<p><span style=\"font-weight: 400;\">RUB Teachers Day April 2022: Workshop &#8222;CoSpaces Edu &#8211; selbst virtuelle Welten erschaffen&#8220;:<a href=\"https:\/\/www.k-braungardt.de\/blogkb\/wp-content\/uploads\/2023\/01\/cospacesedu-programmierung.pdf\"> Folien<\/a><\/span><\/p>\n<p>Zukunftswerkstatt OpenRUB &#8211; ORCA.nrw M\u00c3\u00a4rz 2022: <a href=\"https:\/\/www.k-braungardt.de\/blogkb\/wp-content\/uploads\/2023\/01\/OPENRUB-Praesentation-Zukunftswerkstatt.pdf\">Folien<\/a><\/p>\n<p>Parforce Meeting Februar 2022: Design of Teaching, Beitrag im Rahmen eines Workshops f\u00fcr das Parforce.Projekt (<a href=\"https:\/\/www.uni-weimar.de\/en\/civil-engineering\/chairs\/advanced-structures\/research\/data\/parforce\/\">https:\/\/www.uni-weimar.de\/en\/civil-engineering\/chairs\/advanced-structures\/research\/data\/parforce\/<\/a>), <a href=\"http:\/\/Parforce Meeting Februar 2022:  Design of Teaching Folien Beitrag im Rahmen eines Workshops f\u00c3\u00bcr das Parforce.Projekt (https:\/\/www.uni-weimar.de\/en\/civil-engineering\/chairs\/advanced-structures\/research\/data\/parforce\/)\">Folien<\/a><\/p>\n<p>2021<\/p>\n<p>OERcamp global 2021: Strategies to increase the adoption of OER inside an institution: What we do, what you do, what should be done?<br \/>\nSession + Slides: <a href=\"https:\/\/oercampglobal2021.sched.com\/event\/rMbr\/strategies-to-increase-the-adoption-of-oer-inside-an-institution-what-we-do-what-you-do-what-should-be-done\" target=\"_blank\" rel=\"noopener noreferrer\">https:\/\/oercampglobal2021.sched.com\/event\/rMbr\/strategies-to-increase-the-adoption-of-oer-inside-an-institution-what-we-do-what-you-do-what-should-be-done<\/a><\/p>\n<p>2020<br \/>\nVideotutorial: Ein ePortfolio mit Mahara erstellen: <a href=\"https:\/\/www.youtube.com\/watch?v=5jznYyi6hyM\" target=\"_blank\" rel=\"noopener noreferrer\">https:\/\/www.youtube.com\/watch?v=5jznYyi6hyM<\/a><\/p>\n<p>Braungardt, K. &amp; R\u00f6mer, S. (2020). Augmented Reality in der Hochschullehre: Markerbasierte Skripte, Poster und mehr erstellen. In Brandhofer G., Buchner, J., Freisleben-Teutscher Ch. &amp; Tengler K. (Hrsg.), Tagungsband zur Tagung Inverted Classroom and beyond 2020 (S. 146-156). Norderstedt: Books on Demand GmbH<\/p>\n<p>Tagungsband: <a href=\"https:\/\/www.icmbeyond.net\/wp-content\/uploads\/2020\/01\/ICM2020_Web.pdf\" target=\"_blank\" rel=\"noopener noreferrer\">https:\/\/www.icmbeyond.net\/wp-content\/uploads\/2020\/01\/ICM2020_Web.pdf<\/a><\/p>\n<p>2019<\/p>\n<p>Anleitung: ePortfolios mit Mahara erstellen: <a href=\"https:\/\/open.ruhr-uni-bochum.de\/material\/anleitung-eportfolios-mit-mahara-erstellen\" target=\"_blank\" rel=\"noopener noreferrer\">https:\/\/open.ruhr-uni-bochum.de\/material\/anleitung-eportfolios-mit-mahara-erstellen<\/a><\/p>\n<p>2018<\/p>\n<p>Braungardt, Kathrin, Matthias Kostrzewa, und Christine Ruthenfranz. 2018. \u00e2\u20ac\u017eDurch Studierende Offenheit in Die Lehre Integrieren\u00e2\u20ac\u0153. MedienP\u00c3\u00a4dagogik: Zeitschrift f\u00c3\u00bcr Theorie Und Praxis Der Medienbildung 32 (Oktober), 1-16. https:\/\/doi.org\/10.21240\/mpaed\/32\/2018.10.19.X.<\/p>\n<p>Braungardt, Kathrin (2018): Digitalisierungsprozesse zwischen Anpassung und Kritik \u00e2\u20ac\u201c \u00c3\u0153berlegungen zu digitalisierungskritischen Praktiken in der Hochschule. In: Leineweber, Christian\/de Witt, Claudia (Hrsg.): Digitale Transformation im Diskurs. Kritische Perspektiven auf Entwicklungen und Tendenzen im Zeitalter des Digitalen. URL: <a href=\"https:\/\/www.fernuni-hagen.de\/KSW\/portale\/ifbm\/bildung_medien\/medien-im-diskurs\/digitale-transformation-im-diskurs\/\" target=\"_blank\" rel=\"noopener noreferrer\">http:\/\/www.medien-im-diskurs.de<\/a><\/p>\n<p>2017<br \/>\nBraungardt, Kathrin: Openness\/ OER as a student eScouts project at Ruhr-University. Vortrag auf der Tagung \u00e2\u20ac\u0153The online, open and flexible higher education conference\u00e2\u20ac\u009d, Milton Keynes, 25.10.2017. Publikation in: Conference Proceedings. The online, open and flexible higher education conference. Hrsg. von Georg Ubachs und Lizzie Konings (2017). S. 292-300.<\/p>\n<p>URL: <a href=\"https:\/\/conference.eadtu.eu\/download2399\" target=\"_blank\" rel=\"noopener noreferrer\">https:\/\/conference.eadtu.eu\/download2399<\/a><\/p>\n<p>2015<br \/>\nConverting Blackboard to Moodle Courses &#8211; Converter Tool &#8211; iMoot 2015, <a href=\"https:\/\/www.youtube.com\/watch?v=pf-xE_zbLLI\">https:\/\/www.youtube.com\/watch?v=pf-xE_zbLLI<\/a><\/p>\n<p>&nbsp;<\/p>\n<p>Slideshares\/Pr\u00c3\u00a4sentationen<br \/>\n<a href=\"https:\/\/de.slideshare.net\/brillux\/presentations\" target=\"_blank\" rel=\"noopener noreferrer\">https:\/\/de.slideshare.net\/brillux\/presentations<\/a><\/p>\n","protected":false},"excerpt":{"rendered":"<p>2023 Kurzeinf\u00fchrungen im Rahmen der KI-Themenreihe an der RUB: &#8211; Bilder mit Hilfe von KI erstellen: Ein Blick auf Tools und ihre M\u00f6glichkeiten &#8211; Produktiv-kritische&#8230;<\/p>\n<div class=\"more-link-wrapper\"><a class=\"more-link\" href=\"https:\/\/www.k-braungardt.de\/blogkb\/?page_id=1569\">Weiterlesen<span class=\"screen-reader-text\">Ver\u00f6ffentlichungen<\/span><\/a><\/div>\n","protected":false},"author":1,"featured_media":0,"parent":0,"menu_order":0,"comment_status":"closed","ping_status":"closed","template":"","meta":{"footnotes":""},"class_list":["post-1569","page","type-page","status-publish","hentry","entry"],"_links":{"self":[{"href":"https:\/\/www.k-braungardt.de\/blogkb\/index.php?rest_route=\/wp\/v2\/pages\/1569","targetHints":{"allow":["GET"]}}],"collection":[{"href":"https:\/\/www.k-braungardt.de\/blogkb\/index.php?rest_route=\/wp\/v2\/pages"}],"about":[{"href":"https:\/\/www.k-braungardt.de\/blogkb\/index.php?rest_route=\/wp\/v2\/types\/page"}],"author":[{"embeddable":true,"href":"https:\/\/www.k-braungardt.de\/blogkb\/index.php?rest_route=\/wp\/v2\/users\/1"}],"replies":[{"embeddable":true,"href":"https:\/\/www.k-braungardt.de\/blogkb\/index.php?rest_route=%2Fwp%2Fv2%2Fcomments&post=1569"}],"version-history":[{"count":26,"href":"https:\/\/www.k-braungardt.de\/blogkb\/index.php?rest_route=\/wp\/v2\/pages\/1569\/revisions"}],"predecessor-version":[{"id":2365,"href":"https:\/\/www.k-braungardt.de\/blogkb\/index.php?rest_route=\/wp\/v2\/pages\/1569\/revisions\/2365"}],"wp:attachment":[{"href":"https:\/\/www.k-braungardt.de\/blogkb\/index.php?rest_route=%2Fwp%2Fv2%2Fmedia&parent=1569"}],"curies":[{"name":"wp","href":"https:\/\/api.w.org\/{rel}","templated":true}]}}