{"id":1668,"date":"2018-05-10T14:00:48","date_gmt":"2018-05-10T13:00:48","guid":{"rendered":"http:\/\/www.k-braungardt.de\/blogkb\/?page_id=1668"},"modified":"2018-05-10T18:16:21","modified_gmt":"2018-05-10T17:16:21","slug":"datenschutz","status":"publish","type":"page","link":"https:\/\/www.k-braungardt.de\/blogkb\/?page_id=1668","title":{"rendered":"Datenschutz"},"content":{"rendered":"<p>Die Verantwortliche im Sinne der Datenschutz-Grundverordnung (DSGVO) und anderer nationaler Datenschutzgesetze der Mitgliedsstaaten sowie sonstiger datenschutzrechtlicher Bestimmungen ist:<\/p>\n<p>Kathrin Braungardt<br \/>\nWeiherstr. 10<br \/>\n44789 Bochum<br \/>\ninfo@k-braungardt.de<\/p>\n<p>Personenbezogene Daten von Nutzer*innen dieser Webseite werden grunds\u00c3\u00a4tzlich nur erhoben und verarbeitet, soweit dies zur Bereitstellung dieser Webseite erforderlich ist.<br \/>\nIst die Verarbeitung personenbezogener Daten zur Wahrung der berechtigten Interessen der Verantwortlichen erforderlich, dient Art.\u00c2\u00a06 Abs.\u00c2\u00a01 lit.\u00c2\u00a0f DSGVO als Rechtsgrundlage.<br \/>\nSoweit f\u00c3\u00bcr Verarbeitungsvorg\u00c3\u00a4nge personenbezogener Daten eine Einwilligung der betroffenen Person eingeholt wird, dient Art.\u00c2\u00a06 Abs.\u00c2\u00a01 lit.\u00c2\u00a0a DSGVO als Rechtsgrundlage.<\/p>\n<p>Bei der Nutzung der Webseite werden folgende Daten erhoben:<br \/>\n&#8211; Verbindungsdaten (z.B. IP-Adresse, Browsertyp, Datum und Uhrzeit des Zugriffs)<br \/>\n&#8211; Inhaltsdaten (Kommentare mit Namen und E-Mail-Adresse)<\/p>\n<p>Die vor\u00c3\u00bcbergehende Speicherung der Verbindungsdaten, insbesondere der IP-Adresse, durch das System ist notwendig, um eine Auslieferung der Webseite an den Rechner der Nutzer*in zu erm\u00c3\u00b6glichen. Hierf\u00c3\u00bcr muss die IP-Adresse der Nutzer*in f\u00c3\u00bcr die Dauer der Sitzung gespeichert bleiben. Rechtsgrundlage f\u00c3\u00bcr die vor\u00c3\u00bcbergehende Speicherung der Daten ist Art.\u00c2\u00a06 Abs.\u00c2\u00a01 lit.\u00c2\u00a0f DSGVO.<br \/>\nVerbindungsdaten in Logfiles werden anonymisiert gespeichert.<\/p>\n<p><strong>Kommentare<\/strong><br \/>\nAuf der Webseite k\u00c3\u00b6nnen Nutzer*innen Kommentare zu Beitr\u00c3\u00a4gen schreiben. Die Daten werden dabei in eine Eingabemaske eingegeben, \u00c3\u00bcbermittelt und gespeichert. Folgende Daten werden dabei erhoben:<br \/>\n&#8211; Name<br \/>\n&#8211; E-Mail-Adresse<br \/>\n&#8211; Kommentar<\/p>\n<p>Im Rahmen der Kommmentierung wird eine Einwilligung der Nutzer*in zur Verarbeitung dieser Daten eingeholt. Rechtsgrundlage f\u00c3\u00bcr die Verarbeitung der Daten ist bei Vorliegen einer Einwilligung der Nutzer*in Art.\u00c2\u00a06 Abs.\u00c2\u00a01 lit.\u00c2\u00a0a DSGVO. Die Daten werden gel\u00c3\u00b6scht, sobald sie f\u00c3\u00bcr die Erreichung des Zweckes ihrer Erhebung nicht mehr erforderlich sind. Nutzer*innen k\u00c3\u00b6nnen Kommentare jederzeit \u00c3\u00a4ndern oder l\u00c3\u00b6schen lassen.<\/p>\n<p><strong>E-Mail-Kontakt<\/strong><br \/>\n\u00c3\u0153ber die bereitgestellte E-Mail-Adresse ist eine Kontaktaufnahme m\u00c3\u00b6glich. In diesem Fall werden die mit der E-Mail \u00c3\u00bcbermittelten personenbezogenen Daten der Nutzer*in gespeichert. Es erfolgt in diesem Zusammenhang keine Weitergabe der Daten an Dritte. Die Daten werden ausschlie\u00c3\u0178lich f\u00c3\u00bcr die Verarbeitung der Konversation verwendet.<br \/>\nRechtsgrundlage f\u00c3\u00bcr die Verarbeitung der Daten, die im Zuge einer \u00c3\u0153bersendung einer E-Mail \u00c3\u00bcbermittelt werden, ist Art.\u00c2\u00a06 Abs.\u00c2\u00a01 lit.\u00c2\u00a0f DSGVO.<br \/>\nDie Daten werden gel\u00c3\u00b6scht, sobald sie f\u00c3\u00bcr die Erreichung des Zweckes ihrer Erhebung nicht mehr erforderlich sind. F\u00c3\u00bcr die personenbezogenen Daten aus der Eingabemaske des Kontaktformulars und diejenigen, die per E-Mail \u00c3\u00bcbersandt wurden, ist dies dann der Fall, wenn die jeweilige Konversation mit der Nutzer*in beendet ist. Beendet ist die Konversation dann, wenn sich aus den Umst\u00c3\u00a4nden entnehmen l\u00c3\u00a4sst, dass der betroffene Sachverhalt abschlie\u00c3\u0178end gekl\u00c3\u00a4rt ist.<br \/>\nDie w\u00c3\u00a4hrend des Absendevorgangs zus\u00c3\u00a4tzlich erhobenen personenbezogenen Daten werden sp\u00c3\u00a4testens nach einer Frist von sieben Tagen gel\u00c3\u00b6scht.<\/p>\n<p><strong>Hosting<\/strong><br \/>\nDiese Webseite wird \u00c3\u00bcber einen so genannten Hoster ausgeliefert. Dieser stellt die technische Infrastruktur f\u00c3\u00bcr diese Webseite bereit. Im Rahmen der Hosting-Dienstleistung verarbeitet der Hoster Verbindungs- und Inhaltsdaten von Nutzer*innen dieser Webseite. Rechtsgrundlage f\u00c3\u00bcr die Verarbeitung der Kunden- und Verbindungsdaten ist Art.\u00c2\u00a06 Abs.\u00c2\u00a01 lit.\u00c2\u00a0f DSGVO. Realisiert wird dies durch einen Auftragsverarbeitungsvertrag mit dem Hoster gem\u00c3\u00a4\u00c3\u0178 Art. 28 DSGVO.<\/p>\n<p><strong>Cookies<\/strong><br \/>\nDiese Webseite verwendet Cookies. Ein Cookie wird aus technischen Gr\u00c3\u00bcnden f\u00c3\u00bcr die Kommentarfunktion der Webseite ben\u00c3\u00b6tigt. Dieser bewirkt, dass der aufrufende Browser auch nach einem Seitenwechsel identifiziert werden kann. Die Rechtsgrundlage f\u00c3\u00bcr die Verarbeitung personenbezogener Daten unter Verwendung von Cookies ist Art.\u00c2\u00a06 Abs.\u00c2\u00a01 lit.\u00c2\u00a0f DSGVO.<br \/>\nWeitere Cookies k\u00c3\u00b6nnen gesetzt werden, wenn Seiten mit Inhalten Dritter (s.u.) aufgerufen werden.<br \/>\nCookies werden auf dem Rechner der Nutzer*in gespeichert und von diesem an diese Webseite \u00c3\u00bcbermittelt. Daher haben Sie als Nutzer*in auch die volle Kontrolle \u00c3\u00bcber die Verwendung von Cookies. Durch eine \u00c3\u201enderung der Einstellungen in Ihrem Internetbrowser k\u00c3\u00b6nnen Sie die \u00c3\u0153bertragung von Cookies deaktivieren oder einschr\u00c3\u00a4nken. Bereits gespeicherte Cookies k\u00c3\u00b6nnen jederzeit gel\u00c3\u00b6scht werden.<\/p>\n<p><strong>Einbinden Dienste\/Inhalte Dritter<\/strong><br \/>\nZur Gestaltung des Informationsangebotes der Webseite werden Dienste Dritter eingesetzt. Dies geschieht auf der Grundlage des berechtigten Interesses der Verantwortlichen. Rechtsgrundlage ist Art.\u00c2\u00a06 Abs.\u00c2\u00a01 lit.\u00c2\u00a0f DSGVO. <\/p>\n<p>Beim Anzeigen der Dienste\/Inhalte auf dieser Webseite wird an diese die IP-Adresse der Nutzer*innen und ggf. weitere Informationen mittels Cookies \u00c3\u00bcbermittelt.  Die \u00c3\u0153bermittlung dieser Informationnen kann durch nutzterseitige Cookie-Einstellungen unterbunden werden. Im \u00c3\u00bcbrigen gelten hierbei die Datenschutzbestimmungen des jeweiligen Anbieters.<\/p>\n<p>Zur Einbindung von Videos wird der Dienst YouTube von Google (Google LLC (\u00e2\u20ac\u017eGoogle\u00e2\u20ac\u0153), Amphitheatre Parkway, Mountain View, CA 94043, USA) genutzt. Die zugeh\u00c3\u00b6rige Datenschutzerkl\u00c3\u00a4rung ist unter\u00c2\u00a0<a href=\"https:\/\/policies.google.com\/privacy\" rel=\"noopener\" target=\"_blank\">https:\/\/policies.google.com\/privacy<\/a> zu finden.<\/p>\n<p>Zur Einbindung von Pr\u00c3\u00a4sentationen wird der Dienst Slideshare von LinkedIn (LinkedIn Ireland Unlimited Company, Wilton Place, Dublin 2, Irland) genutzt. Die zugeh\u00c3\u00b6rige Datenschutzerkl\u00c3\u00a4rung ist unter <a href=\"https:\/\/www.linkedin.com\/legal\/privacy-policy\" rel=\"noopener\" target=\"_blank\">https:\/\/www.linkedin.com\/legal\/privacy-policy<\/a> zu finden.<\/p>\n<p><strong>Soziale Medien<\/strong><br \/>\n\u00c3\u0153ber diese Webseite hinaus gibt es Online-Angebote innerhalb sozialer Medien und Plattformen zum Zweck der weiteren Vernetzung und Kommunikation. Bei der Nutzung dieser Medien und Plattformen gelten die Datenschutzbestimmungen und Nutzungsbedingungen der jeweiligen Anbieter.<\/p>\n<p><strong>Rechte der betroffenen Person<\/strong><br \/>\nWerden personenbezogene Daten von Ihnen verarbeitet, sind Sie Betroffene i.S.d. DSGVO und es stehen Ihnen folgende Rechte gegen\u00c3\u00bcber der Verantwortlichen zu:<\/p>\n<p>Sie k\u00c3\u00b6nnen von der Verantwortlichen eine Best\u00c3\u00a4tigung dar\u00c3\u00bcber verlangen, ob personenbezogene Daten, die Sie betreffen, von mir verarbeitet werden.<br \/>\nLiegt eine solche Verarbeitung vor, k\u00c3\u00b6nnen Sie von der Verantwortlichen Auskunft \u00c3\u00bcber sowie eine Kopie diese\/r Daten gem\u00c3\u00a4\u00c3\u0178 Art. 15 DSGVO verlangen.<br \/>\nSie haben au\u00c3\u0178erdem das Recht auf Berichtigung (gem\u00c3\u00a4\u00c3\u0178 Art. 16 DSGVO) oder L\u00c3\u00b6schung der Sie betreffenden personenbezogenen Daten (gem\u00c3\u00a4\u00c3\u0178 Art. 17 DSGVO), das Recht auf Einschr\u00c3\u00a4nkung der Verarbeitung durch den Verantwortlichen (gem\u00c3\u00a4\u00c3\u0178 Art. 18 DSGVO) oder ein Widerspruchsrecht gegen diese Verarbeitung (gem\u00c3\u00a4\u00c3\u0178 Art. 21 DSGVO).<br \/>\nUm Ihre Rechte geltend zu machen, schreiben Sie eine E-Mail an die Verantwortliche unter der o.g. Kontaktadresse. <\/p>\n<p>Des Weiteren haben Sie ein Beschwerderecht bei einer Aufsichtsbeh\u00c3\u00b6rde (gem\u00c3\u00a4\u00c3\u0178 Art. 77 DSGVO).<\/p>\n","protected":false},"excerpt":{"rendered":"<p>Die Verantwortliche im Sinne der Datenschutz-Grundverordnung (DSGVO) und anderer nationaler Datenschutzgesetze der Mitgliedsstaaten sowie sonstiger datenschutzrechtlicher Bestimmungen ist: Kathrin Braungardt Weiherstr. 10 44789 Bochum info@k-braungardt.de&#8230;<\/p>\n<div class=\"more-link-wrapper\"><a class=\"more-link\" href=\"https:\/\/www.k-braungardt.de\/blogkb\/?page_id=1668\">Weiterlesen<span class=\"screen-reader-text\">Datenschutz<\/span><\/a><\/div>\n","protected":false},"author":1,"featured_media":0,"parent":0,"menu_order":0,"comment_status":"closed","ping_status":"closed","template":"","meta":{"footnotes":""},"class_list":["post-1668","page","type-page","status-publish","hentry","entry"],"_links":{"self":[{"href":"https:\/\/www.k-braungardt.de\/blogkb\/index.php?rest_route=\/wp\/v2\/pages\/1668","targetHints":{"allow":["GET"]}}],"collection":[{"href":"https:\/\/www.k-braungardt.de\/blogkb\/index.php?rest_route=\/wp\/v2\/pages"}],"about":[{"href":"https:\/\/www.k-braungardt.de\/blogkb\/index.php?rest_route=\/wp\/v2\/types\/page"}],"author":[{"embeddable":true,"href":"https:\/\/www.k-braungardt.de\/blogkb\/index.php?rest_route=\/wp\/v2\/users\/1"}],"replies":[{"embeddable":true,"href":"https:\/\/www.k-braungardt.de\/blogkb\/index.php?rest_route=%2Fwp%2Fv2%2Fcomments&post=1668"}],"version-history":[{"count":10,"href":"https:\/\/www.k-braungardt.de\/blogkb\/index.php?rest_route=\/wp\/v2\/pages\/1668\/revisions"}],"predecessor-version":[{"id":1687,"href":"https:\/\/www.k-braungardt.de\/blogkb\/index.php?rest_route=\/wp\/v2\/pages\/1668\/revisions\/1687"}],"wp:attachment":[{"href":"https:\/\/www.k-braungardt.de\/blogkb\/index.php?rest_route=%2Fwp%2Fv2%2Fmedia&parent=1668"}],"curies":[{"name":"wp","href":"https:\/\/api.w.org\/{rel}","templated":true}]}}